{"id":10053,"date":"2018-05-02T16:32:09","date_gmt":"2018-05-02T14:32:09","guid":{"rendered":"http:\/\/blog.wenzlaff.de\/?page_id=10053"},"modified":"2025-11-02T17:02:35","modified_gmt":"2025-11-02T16:02:35","slug":"impressum","status":"publish","type":"page","link":"http:\/\/blog.wenzlaff.de\/?page_id=10053","title":{"rendered":"Impressum"},"content":{"rendered":"<p>Impressum<\/p>\n<p>F\u00fcr diese <strong>private<\/strong> Seite die nicht gesch\u00e4ftsm\u00e4\u00dfig betrieben wird und keine kostenpflichtige Angebote enth\u00e4lt ist verantwortlich:<\/p>\n<p>Thomas Wenzlaff<br \/>\nTempelhofer Str. 9<br \/>\nD-30853 Langenhagen<br \/>\nE-mail an Adresse: info-anfrage [dann ein] @ [und dann] wenzlaff.de<\/p>\n<p><a href=\"https:\/\/orcid.org\/0009-0001-6190-6354\" title=\"ORCID 0009-0001-6190-6354\" rel=\"noopener\" target=\"_blank\">ORCID: 0009-0001-6190-6354<\/a><\/p>\n<p>Alle Rechte vorbehalten. <\/p>\n<p>Jegliche Vervielf\u00e4ltigung oder Weiterverbreitung in jedem Medium als Ganzes oder in Teilen bedarf der schriftlichen Zustimmung.<\/p>\n<p><strong>Haftungshinweis<\/strong>: Trotz sorgf\u00e4ltiger inhaltlicher Kontrolle \u00fcbernehmen ich keine Haftung f\u00fcr die Inhalte externer Links. F\u00fcr den Inhalt der verlinkten Seiten sind ausschlie\u00dflich deren Betreiber verantwortlich.<\/p>\n<p>Der Handel mit Kryptow\u00e4hrungen birgt ein hohes Risiko und kann bis zum Totalverlust des eingesetzten Kapitals f\u00fchren. Keine der hier aufgef\u00fchrten Informationen sind als Anlageberatatung zu verstehen. Alle genannten Kurse sind ohne Gew\u00e4hr. <\/p>\n<p>Die angebotene Information im Bereich Medizin dient zur Unterst\u00fctzung und nicht als Ersatz der Beziehung zwischen dem Patient\/Webseitenbesucher und seinem Arzt.<\/p>\n","protected":false},"excerpt":{"rendered":"<p>Impressum F\u00fcr diese private Seite die nicht gesch\u00e4ftsm\u00e4\u00dfig betrieben wird und keine kostenpflichtige Angebote enth\u00e4lt ist verantwortlich: Thomas Wenzlaff Tempelhofer Str. 9 D-30853 Langenhagen E-mail an Adresse: info-anfrage [dann ein] @ [und dann] wenzlaff.de ORCID: 0009-0001-6190-6354 Alle Rechte vorbehalten. Jegliche Vervielf\u00e4ltigung oder Weiterverbreitung in jedem Medium als Ganzes oder in Teilen bedarf der schriftlichen Zustimmung. &hellip; <\/p>\n<p class=\"link-more\"><a href=\"http:\/\/blog.wenzlaff.de\/?page_id=10053\" class=\"more-link\"><span class=\"screen-reader-text\">\u201eImpressum\u201c <\/span>weiterlesen<\/a><\/p>\n","protected":false},"author":2,"featured_media":0,"parent":0,"menu_order":0,"comment_status":"closed","ping_status":"closed","template":"","meta":{"footnotes":""},"class_list":["post-10053","page","type-page","status-publish","hentry"],"_links":{"self":[{"href":"http:\/\/blog.wenzlaff.de\/index.php?rest_route=\/wp\/v2\/pages\/10053","targetHints":{"allow":["GET"]}}],"collection":[{"href":"http:\/\/blog.wenzlaff.de\/index.php?rest_route=\/wp\/v2\/pages"}],"about":[{"href":"http:\/\/blog.wenzlaff.de\/index.php?rest_route=\/wp\/v2\/types\/page"}],"author":[{"embeddable":true,"href":"http:\/\/blog.wenzlaff.de\/index.php?rest_route=\/wp\/v2\/users\/2"}],"replies":[{"embeddable":true,"href":"http:\/\/blog.wenzlaff.de\/index.php?rest_route=%2Fwp%2Fv2%2Fcomments&post=10053"}],"version-history":[{"count":0,"href":"http:\/\/blog.wenzlaff.de\/index.php?rest_route=\/wp\/v2\/pages\/10053\/revisions"}],"wp:attachment":[{"href":"http:\/\/blog.wenzlaff.de\/index.php?rest_route=%2Fwp%2Fv2%2Fmedia&parent=10053"}],"curies":[{"name":"wp","href":"https:\/\/api.w.org\/{rel}","templated":true}]}}