{"id":10055,"date":"2018-05-02T16:33:04","date_gmt":"2018-05-02T14:33:04","guid":{"rendered":"http:\/\/blog.wenzlaff.de\/?page_id=10055"},"modified":"2018-05-26T10:44:22","modified_gmt":"2018-05-26T08:44:22","slug":"datenschutzhinweis","status":"publish","type":"page","link":"http:\/\/blog.wenzlaff.de\/?page_id=10055","title":{"rendered":"Datenschutzhinweis"},"content":{"rendered":"<p><strong>Datenschutzhinweis<\/strong><\/p>\n<p>Die Adresse der privaten Web-Seite ist http:\/\/www.wenzlaff.info und http:\/\/blog.wenzlaff.de<\/p>\n<p><strong>Logging-Daten<\/strong><br \/>\nWenn Sie meine Webseite besuchen oder meinen Dienste nutzen \u00fcbermittelt das Ger\u00e4t, mit dem Sie die Seite aufrufen, automatisch Log-Daten (Verbindungsdaten) an den Server. Log-Daten enthalten die IP-Adresse des Ger\u00e4tes, mit dem Sie auf die Website oder einen Dienst zugreifen, die Art des Browsers, mit dem Sie zugreifen, die Webseite, die Sie zuvor besucht haben, Ihre Systemkonfiguration sowie Datum und Zeitangaben. Diese Daten werden in Deutschland auf den Servern von Strato gespeichert. Es findet keine personenbezogene Verwertung statt. Die statistische Auswertung anonymisierter Datens\u00e4tze bleibt vorbehalten. Es werden keine Plug-Ins f\u00fcr Analysedienste verwendet.<\/p>\n<p><strong>Cookies<\/strong><br \/>\nDie Kommentarfunktion ist abgeschaltet. Anmeldung auf diese Website ist nur f\u00fcr mich m\u00f6glich.<br \/>\nF\u00fcr mich werden tempor\u00e4res Cookie gesetzt, um festzustellen, ob mein Browser Cookies akzeptiert. Dieses Cookie enth\u00e4lt keine personenbezogenen Daten und wird verworfen, wenn ich den Browser schlie\u00dfe.<\/p>\n<p>Die Anmeldung ist nur f\u00fcr mich m\u00f6glich.<br \/>\nWenn ich mich anmelde, werden einige Cookies einrichten, um die Anmeldeinformationen und Anzeigeoptionen zu speichern. Anmelde-Cookies verfallen nach zwei Tagen und Cookies f\u00fcr die Anzeigeoptionen nach einem Jahr. Falls ich bei der Anmeldung \u201eAngemeldet bleiben\u201c ausw\u00e4hle, wird meine Anmeldung zwei Wochen lang aufrechterhalten. Mit der Abmeldung aus meinem Konto werden die Anmelde-Cookies gel\u00f6scht.<\/p>\n<p>Artikel k\u00f6nnen nur durch mich bearbeitet werden. Die Artikelfunktion ist f\u00fcr alle anderen deaktiviert.<br \/>\nWenn ich einen Artikel bearbeite oder ver\u00f6ffentliche, wird ein zus\u00e4tzlicher Cookie in meinem Browser gespeichert. Dieser Cookie enth\u00e4lt keine personenbezogenen Daten und verweist nur auf die Beitrags-ID des Artikels, den ich gerade bearbeitet habe. Der Cookie verf\u00e4llt nach einem Tag.<\/p>\n<p><strong>Eingebettete Inhalte von anderen Websites<\/strong><br \/>\nEs k\u00f6nnen bein einigen Beitr\u00e4gen eingebettete Inhalte wie Videos von youtube (Google), Bilder, Beitr\u00e4ge usw. vorhanden sein. Eingebettete Inhalte von anderen Websites verhalten sich exakt so, als ob der Besucher die andere Website besucht h\u00e4tte.<br \/>\nDiese Websites k\u00f6nnen Daten \u00fcber dich sammeln, Cookies benutzen, zus\u00e4tzliche Tracking-Dienste von Dritten einbetten und deine Interaktion mit diesem eingebetteten Inhalt aufzeichnen, inklusive deiner Interaktion mit dem eingebetteten Inhalt, falls du ein Konto hast und auf dieser Website angemeldet bist.<\/p>\n<p><strong>Bestimmungsgem\u00e4\u00dfe Verwendung<\/strong><br \/>\nDie Projekt die auf dieser Webseite beschrieben werden, sind nur f\u00fcr Entwicklungsaufgaben, Forschung, Lehrzwecke und Unterricht und Prototypenbau konzipiert! F\u00fcr die Einhaltung der technischen Vorschriften sind sie selbst verantwortlich. <\/p>\n<p><strong>Sicherheitshinweise<\/strong><br \/>\nBeim Umgang mit Produkten, die mit elektrischer Spannung in Ber\u00fchrung kommen, m\u00fcssen die g\u00fcltigen VDE-Vorschriften beachtet werden. F\u00fcr Sch\u00e4den die evl. entstehen bin ich nicht verantwortlich.<\/p>\n<p><strong>Kontakt<\/strong><br \/>\nWer Fragen und W\u00fcnsche zu diesen Datenschutzbelangen hat, kann sich gerne an Thomas Wenzlaff (siehe Kontakt) wenden.<\/p>\n","protected":false},"excerpt":{"rendered":"<p>Datenschutzhinweis Die Adresse der privaten Web-Seite ist http:\/\/www.wenzlaff.info und http:\/\/blog.wenzlaff.de Logging-Daten Wenn Sie meine Webseite besuchen oder meinen Dienste nutzen \u00fcbermittelt das Ger\u00e4t, mit dem Sie die Seite aufrufen, automatisch Log-Daten (Verbindungsdaten) an den Server. Log-Daten enthalten die IP-Adresse des Ger\u00e4tes, mit dem Sie auf die Website oder einen Dienst zugreifen, die Art des Browsers, &hellip; <\/p>\n<p class=\"link-more\"><a href=\"http:\/\/blog.wenzlaff.de\/?page_id=10055\" class=\"more-link\"><span class=\"screen-reader-text\">\u201eDatenschutzhinweis\u201c <\/span>weiterlesen<\/a><\/p>\n","protected":false},"author":2,"featured_media":0,"parent":0,"menu_order":0,"comment_status":"closed","ping_status":"closed","template":"","meta":{"footnotes":""},"class_list":["post-10055","page","type-page","status-publish","hentry"],"_links":{"self":[{"href":"http:\/\/blog.wenzlaff.de\/index.php?rest_route=\/wp\/v2\/pages\/10055","targetHints":{"allow":["GET"]}}],"collection":[{"href":"http:\/\/blog.wenzlaff.de\/index.php?rest_route=\/wp\/v2\/pages"}],"about":[{"href":"http:\/\/blog.wenzlaff.de\/index.php?rest_route=\/wp\/v2\/types\/page"}],"author":[{"embeddable":true,"href":"http:\/\/blog.wenzlaff.de\/index.php?rest_route=\/wp\/v2\/users\/2"}],"replies":[{"embeddable":true,"href":"http:\/\/blog.wenzlaff.de\/index.php?rest_route=%2Fwp%2Fv2%2Fcomments&post=10055"}],"version-history":[{"count":0,"href":"http:\/\/blog.wenzlaff.de\/index.php?rest_route=\/wp\/v2\/pages\/10055\/revisions"}],"wp:attachment":[{"href":"http:\/\/blog.wenzlaff.de\/index.php?rest_route=%2Fwp%2Fv2%2Fmedia&parent=10055"}],"curies":[{"name":"wp","href":"https:\/\/api.w.org\/{rel}","templated":true}]}}